{"id":6561,"date":"2018-06-11T16:48:54","date_gmt":"2018-06-11T13:48:54","guid":{"rendered":"https:\/\/www.mayahairhospital.com\/tesekkurler\/"},"modified":"2019-09-13T09:55:17","modified_gmt":"2019-09-13T06:55:17","slug":"faleminderit","status":"publish","type":"page","link":"https:\/\/mayahairhospital.com\/sq\/thank-you\/","title":{"rendered":"Faleminderit"},"content":{"rendered":"<h1 style=\"text-align: center;\"><span style=\"font-size: 30px; color: #339966;\"><strong>FALEMINDERIT!<\/strong><\/span><\/h1>\n<p style=\"text-align: center;\"><span style=\"font-size: 26px;\">Mesazhi juaj u d\u00ebrgua me sukses. Ne do t\u00eb kthehemi tek ju sa m\u00eb shpejt t\u00eb jet\u00eb e mundur.<\/span><\/p>\n<p style=\"text-align: center;\"><span style=\"font-size: 16px; color: #808080;\">Do t\u00eb ridrejtoheni n\u00eb faqen e m\u00ebparshme brenda 5 sekondave.<br \/>\n<\/span><\/p>\n","protected":false},"excerpt":{"rendered":"<p>FALEMINDERIT! Mesazhi juaj u d\u00ebrgua me sukses. Ne do t\u00eb kthehemi tek ju sa m\u00eb shpejt t\u00eb jet\u00eb e mundur. Do t\u00eb ridrejtoheni n\u00eb faqen e m\u00ebparshme brenda 5 sekondave.<\/p>\n","protected":false},"author":1,"featured_media":0,"parent":0,"menu_order":0,"comment_status":"closed","ping_status":"closed","template":"tesekkur.php","meta":{"footnotes":""},"class_list":["post-6561","page","type-page","status-publish","hentry"],"_links":{"self":[{"href":"https:\/\/mayahairhospital.com\/sq\/wp-json\/wp\/v2\/pages\/6561\/"}],"collection":[{"href":"https:\/\/mayahairhospital.com\/sq\/wp-json\/wp\/v2\/pages\/"}],"about":[{"href":"https:\/\/mayahairhospital.com\/sq\/wp-json\/wp\/v2\/types\/page\/"}],"author":[{"embeddable":true,"href":"https:\/\/mayahairhospital.com\/sq\/wp-json\/wp\/v2\/users\/1\/"}],"replies":[{"embeddable":true,"href":"https:\/\/mayahairhospital.com\/sq\/wp-json\/wp\/v2\/comments\/?post=6561"}],"version-history":[{"count":0,"href":"https:\/\/mayahairhospital.com\/sq\/wp-json\/wp\/v2\/pages\/6561\/revisions\/"}],"wp:attachment":[{"href":"https:\/\/mayahairhospital.com\/sq\/wp-json\/wp\/v2\/media\/?parent=6561"}],"curies":[{"name":"wp","href":"https:\/\/api.w.org\/{rel}","templated":true}]}}