{"id":6116,"date":"2018-06-11T16:48:54","date_gmt":"2018-06-11T13:48:54","guid":{"rendered":"https:\/\/www.mayahairhospital.com\/tesekkurler\/"},"modified":"2019-08-15T17:33:06","modified_gmt":"2019-08-15T14:33:06","slug":"tesekkurler","status":"publish","type":"page","link":"https:\/\/mayahairhospital.com\/ro\/thank-you\/","title":{"rendered":"Te\u015fekk\u00fcrler"},"content":{"rendered":"<h1 style=\"text-align: center;\"><span style=\"font-size: 30px; color: #339966;\"><strong>V\u0102 MUL\u021aUMIM!<\/strong><\/span><\/h1>\n<p style=\"text-align: center;\"><span style=\"font-size: 26px;\">Mesajul dvs. a fost trimis cu succes. Vom reveni c\u00e2t mai cur\u00e2nd posibil.<\/span><\/p>\n<p style=\"text-align: center;\">Vei fi redirec\u021bionat c\u0103tre pagina precedent\u0103 \u00een 5 secunde.<\/p>\n","protected":false},"excerpt":{"rendered":"<p>V\u0102 MUL\u021aUMIM! Mesajul dvs. a fost trimis cu succes. Vom reveni c\u00e2t mai cur\u00e2nd posibil. Vei fi redirec\u021bionat c\u0103tre pagina precedent\u0103 \u00een 5 secunde.<\/p>\n","protected":false},"author":1,"featured_media":0,"parent":0,"menu_order":0,"comment_status":"closed","ping_status":"closed","template":"tesekkur.php","meta":{"footnotes":""},"class_list":["post-6116","page","type-page","status-publish","hentry"],"_links":{"self":[{"href":"https:\/\/mayahairhospital.com\/ro\/wp-json\/wp\/v2\/pages\/6116\/"}],"collection":[{"href":"https:\/\/mayahairhospital.com\/ro\/wp-json\/wp\/v2\/pages\/"}],"about":[{"href":"https:\/\/mayahairhospital.com\/ro\/wp-json\/wp\/v2\/types\/page\/"}],"author":[{"embeddable":true,"href":"https:\/\/mayahairhospital.com\/ro\/wp-json\/wp\/v2\/users\/1\/"}],"replies":[{"embeddable":true,"href":"https:\/\/mayahairhospital.com\/ro\/wp-json\/wp\/v2\/comments\/?post=6116"}],"version-history":[{"count":0,"href":"https:\/\/mayahairhospital.com\/ro\/wp-json\/wp\/v2\/pages\/6116\/revisions\/"}],"wp:attachment":[{"href":"https:\/\/mayahairhospital.com\/ro\/wp-json\/wp\/v2\/media\/?parent=6116"}],"curies":[{"name":"wp","href":"https:\/\/api.w.org\/{rel}","templated":true}]}}