{"id":6108,"date":"2018-06-11T16:48:54","date_gmt":"2018-06-11T13:48:54","guid":{"rendered":"https:\/\/www.mayahairhospital.com\/tesekkurler\/"},"modified":"2019-08-15T17:26:40","modified_gmt":"2019-08-15T14:26:40","slug":"tesekkurler","status":"publish","type":"page","link":"https:\/\/mayahairhospital.com\/fr\/thank-you\/","title":{"rendered":"Te\u015fekk\u00fcrler"},"content":{"rendered":"<h1 style=\"text-align: center;\"><span style=\"font-size: 30px; color: #339966;\"><strong>MERCI!<\/strong><\/span><\/h1>\n<p style=\"text-align: center;\"><span style=\"font-size: 26px;\">Votre message a \u00e9t\u00e9 envoy\u00e9 avec succ\u00e8s. Nous reviendrons vers vous d\u00e8s que possible.<\/span><\/p>\n<p style=\"text-align: center;\">Vous serez redirig\u00e9 vers la page pr\u00e9c\u00e9dente dans les 5 secondes.<\/p>\n","protected":false},"excerpt":{"rendered":"<p>MERCI! Votre message a \u00e9t\u00e9 envoy\u00e9 avec succ\u00e8s. Nous reviendrons vers vous d\u00e8s que possible. Vous serez redirig\u00e9 vers la page pr\u00e9c\u00e9dente dans les 5 secondes.<\/p>\n","protected":false},"author":1,"featured_media":0,"parent":0,"menu_order":0,"comment_status":"closed","ping_status":"closed","template":"tesekkur.php","meta":{"footnotes":""},"class_list":["post-6108","page","type-page","status-publish","hentry"],"_links":{"self":[{"href":"https:\/\/mayahairhospital.com\/fr\/wp-json\/wp\/v2\/pages\/6108\/"}],"collection":[{"href":"https:\/\/mayahairhospital.com\/fr\/wp-json\/wp\/v2\/pages\/"}],"about":[{"href":"https:\/\/mayahairhospital.com\/fr\/wp-json\/wp\/v2\/types\/page\/"}],"author":[{"embeddable":true,"href":"https:\/\/mayahairhospital.com\/fr\/wp-json\/wp\/v2\/users\/1\/"}],"replies":[{"embeddable":true,"href":"https:\/\/mayahairhospital.com\/fr\/wp-json\/wp\/v2\/comments\/?post=6108"}],"version-history":[{"count":0,"href":"https:\/\/mayahairhospital.com\/fr\/wp-json\/wp\/v2\/pages\/6108\/revisions\/"}],"wp:attachment":[{"href":"https:\/\/mayahairhospital.com\/fr\/wp-json\/wp\/v2\/media\/?parent=6108"}],"curies":[{"name":"wp","href":"https:\/\/api.w.org\/{rel}","templated":true}]}}