{"id":3450,"date":"2018-06-11T16:48:54","date_gmt":"2018-06-11T13:48:54","guid":{"rendered":"https:\/\/www.mayahairhospital.com\/tesekkurler\/"},"modified":"2018-06-21T12:56:33","modified_gmt":"2018-06-21T09:56:33","slug":"tesekkurler","status":"publish","type":"page","link":"https:\/\/mayahairhospital.com\/es\/gracias\/","title":{"rendered":"Gracias"},"content":{"rendered":"<h1 style=\"text-align: center;\"><span style=\"font-size: 30px; color: #339966;\"><strong>GRACIAS!<\/strong><\/span><\/h1>\n<p style=\"text-align: center;\"><span style=\"font-size: 26px;\">Su mensaje ha sido enviado exitosamente Tu fiesta ser\u00e1 devuelta lo antes posible.<\/span><\/p>\n<p style=\"text-align: center;\"><span style=\"font-size: 16px; color: #808080;\">Ser\u00e1s dirigido a la p\u00e1gina anterior en 5 segundos.<\/span><\/p>\n","protected":false},"excerpt":{"rendered":"<p>GRACIAS! Su mensaje ha sido enviado exitosamente Tu fiesta ser\u00e1 devuelta lo antes posible. Ser\u00e1s dirigido a la p\u00e1gina anterior en 5 segundos.<\/p>\n","protected":false},"author":1,"featured_media":0,"parent":0,"menu_order":0,"comment_status":"closed","ping_status":"closed","template":"tesekkur.php","meta":{"footnotes":""},"class_list":["post-3450","page","type-page","status-publish","hentry"],"_links":{"self":[{"href":"https:\/\/mayahairhospital.com\/es\/wp-json\/wp\/v2\/pages\/3450\/"}],"collection":[{"href":"https:\/\/mayahairhospital.com\/es\/wp-json\/wp\/v2\/pages\/"}],"about":[{"href":"https:\/\/mayahairhospital.com\/es\/wp-json\/wp\/v2\/types\/page\/"}],"author":[{"embeddable":true,"href":"https:\/\/mayahairhospital.com\/es\/wp-json\/wp\/v2\/users\/1\/"}],"replies":[{"embeddable":true,"href":"https:\/\/mayahairhospital.com\/es\/wp-json\/wp\/v2\/comments\/?post=3450"}],"version-history":[{"count":0,"href":"https:\/\/mayahairhospital.com\/es\/wp-json\/wp\/v2\/pages\/3450\/revisions\/"}],"wp:attachment":[{"href":"https:\/\/mayahairhospital.com\/es\/wp-json\/wp\/v2\/media\/?parent=3450"}],"curies":[{"name":"wp","href":"https:\/\/api.w.org\/{rel}","templated":true}]}}